{"id":760,"date":"2019-10-07T12:01:52","date_gmt":"2019-10-07T10:01:52","guid":{"rendered":"http:\/\/www.rotosmachinery.cz\/photogallery\/"},"modified":"2019-12-02T09:49:06","modified_gmt":"2019-12-02T08:49:06","slug":"photogallery","status":"publish","type":"page","link":"https:\/\/www.rotosmachinery.cz\/en\/photogallery\/","title":{"rendered":"Photogallery"},"content":{"rendered":"<p><div class=\"fusion-fullwidth fullwidth-box fusion-builder-row-1 nonhundred-percent-fullwidth non-hundred-percent-height-scrolling\" style=\"--awb-border-radius-top-left:0px;--awb-border-radius-top-right:0px;--awb-border-radius-bottom-right:0px;--awb-border-radius-bottom-left:0px;\" ><div class=\"fusion-builder-row fusion-row\"><div class=\"fusion-layout-column fusion_builder_column fusion-builder-column-0 fusion_builder_column_1_1 1_1 fusion-one-full fusion-column-first fusion-column-last\" style=\"--awb-bg-size:cover;\"><div class=\"fusion-column-wrapper fusion-flex-column-wrapper-legacy\"><div class=\"fusion-title title fusion-title-1 fusion-title-text fusion-title-size-one\"><h1 class=\"title-heading-left\" style=\"margin:0;\">Photogallery<\/h1><span class=\"awb-title-spacer\"><\/span><div class=\"title-sep-container\"><div class=\"title-sep sep-double sep-solid\" style=\"border-color:#e0dede;\"><\/div><\/div><\/div><div class=\"fusion-text fusion-text-1\">ngg_shortcode_0_placeholder\n<\/div><div class=\"fusion-clearfix\"><\/div><\/div><\/div><\/div><\/div><div class=\"fusion-fullwidth fullwidth-box fusion-builder-row-2 nonhundred-percent-fullwidth non-hundred-percent-height-scrolling\" style=\"--awb-border-radius-top-left:0px;--awb-border-radius-top-right:0px;--awb-border-radius-bottom-right:0px;--awb-border-radius-bottom-left:0px;\" ><div class=\"fusion-builder-row fusion-row\"><div class=\"fusion-layout-column fusion_builder_column fusion-builder-column-1 fusion_builder_column_1_1 1_1 fusion-one-full fusion-column-first fusion-column-last\" style=\"--awb-bg-size:cover;\"><div class=\"fusion-column-wrapper fusion-column-has-shadow fusion-flex-column-wrapper-legacy\"><div class=\"fusion-title title fusion-title-2 fusion-title-text fusion-title-size-one\"><h1 class=\"title-heading-left\" style=\"margin:0;\">References<\/h1><span class=\"awb-title-spacer\"><\/span><div class=\"title-sep-container\"><div class=\"title-sep sep-double sep-solid\" style=\"border-color:#e0dede;\"><\/div><\/div><\/div><div class=\"fusion-clearfix\"><\/div><\/div><\/div><\/div><\/div><div class=\"fusion-fullwidth fullwidth-box fusion-builder-row-3 nonhundred-percent-fullwidth non-hundred-percent-height-scrolling\" style=\"--awb-border-radius-top-left:0px;--awb-border-radius-top-right:0px;--awb-border-radius-bottom-right:0px;--awb-border-radius-bottom-left:0px;\" ><div class=\"fusion-builder-row fusion-row\"><div class=\"fusion-layout-column fusion_builder_column fusion-builder-column-2 fusion_builder_column_1_2 1_2 fusion-one-half fusion-column-first\" style=\"--awb-bg-size:cover;width:50%;width:calc(50% - ( ( 4% ) * 0.5 ) );margin-right: 4%;\"><div class=\"fusion-column-wrapper fusion-column-has-shadow fusion-flex-column-wrapper-legacy\"><div class=\"fusion-text fusion-text-2\"><h2>Domestic<\/h2>\n<p><strong>BUZULUK a.s. &#8211; Kom\u00e1rov u Ho\u0159ovic<\/strong><br \/>\nGO \u2013 WH 10 CNC, WHN 13 CNC<br \/>\n(moving)<\/p>\n<p><strong>\u010cEZ ENERGOSERVIS s.r.o. &#8211; T\u0159eb\u00ed\u010d<\/strong><br \/>\nservice WH 10 NCD<\/p>\n<p><strong>UVAS \u2013 UNI s.r.o. &#8211; Pr\u017eno<\/strong><br \/>\nGO \u2013 W 100 A<br \/>\n(moving)<\/p>\n<p><strong>Elektropol s.r.o. &#8211; Varnsdorf<\/strong><br \/>\ncooperation on production machines TOS CNC<br \/>\ndisassembly and assembly of the machine<br \/>\n(moving)<\/p>\n<p><strong>F.M.T. Group s.r.o. &#8211; Fr\u00fddek-M\u00edstek<\/strong><br \/>\nGO \u2013 W 100 A, WHQ 13 CNC<br \/>\ndisassembly and assembly of the machine<br \/>\n(moving)<\/p>\n<p><strong>FERMAT CZ s.r.o. &#8211; Brno, Praha<\/strong><br \/>\nGO \u2013 W 100 A<br \/>\ndisassembly and assembly of the machine<br \/>\n(moving)<\/p>\n<p><strong>JAVA Machinery s.r.o. &#8211; Chr\u00e1st u Plzn\u011b<\/strong><br \/>\ncooperation on production machines TOS<\/p>\n<p><strong>CHODOS CHODOV s.r.o.<\/strong><br \/>\nGO \u2013 WHN 13 CNC (2x)<\/p>\n<p><strong>OSSIKO v.s.p. &#8211; Ropice<\/strong><br \/>\nGO &#8211; WH 63, W 100, WH 105 CNC, WH 10 CNC<br \/>\ndisassembly and assembly of the machine<br \/>\n(moving)<\/p>\n<p><strong>ReTOS Varnsdorf s.r.o.<\/strong><br \/>\ncooperation<\/p>\n<p><strong>ROTAS STROJ\u00cdRNY s.r.o. &#8211; Rotava<\/strong><br \/>\nmachine overhaul H 100, WHN 13<\/p>\n<p><strong>Svatavsk\u00e9 stroj\u00edrny s.r.o. &#8211; Svatava<\/strong><br \/>\nGO \u2013 WH 10 CNC, WHN 13 CNC<\/p>\n<p><strong>Svoboda TMS, s.r.o. &#8211; Pardubice<\/strong><br \/>\nService of WHN 13 CNC<\/p>\n<p><strong>\u0160T\u011aPNI\u010cKA s.r.o. &#8211; Cerhovice<\/strong><br \/>\nGO \u2013 WH 10 NC, WHN 13 CNC, DROP&#038;REIN<\/p>\n<p><strong>TAWESCO s.r.o. &#8211; Kop\u0159ivnice<\/strong><br \/>\nmachine overhaul WH 10 CNC, WHN 13 CNC, W 100<\/p>\n<p><strong>TDS ZAMPRA s.r.o. &#8211; Fr\u00fddlant nad Ostravic\u00ed<\/strong><br \/>\nGO \u2013 WHN 13 CNC, FS<\/p>\n<p><strong>TOS Ku\u0159im &#8211; OS, a.s. &#8211; Ku\u0159im<\/strong><br \/>\nservice WHN 13 CNC<\/p>\n<p><strong>V\u00e1clav REJCHRT \u2013 Raso\u0161ky<\/strong><br \/>\nGO &#8211; WH 10 NC<br \/>\nservice WH 80, WH 63<\/p>\n<\/div><div class=\"fusion-clearfix\"><\/div><\/div><\/div><div class=\"fusion-layout-column fusion_builder_column fusion-builder-column-3 fusion_builder_column_1_2 1_2 fusion-one-half fusion-column-last\" style=\"--awb-bg-size:cover;width:50%;width:calc(50% - ( ( 4% ) * 0.5 ) );\"><div class=\"fusion-column-wrapper fusion-column-has-shadow fusion-flex-column-wrapper-legacy\"><div class=\"fusion-text fusion-text-3\"><h2>International<\/h2>\n<p><strong>DCA Industry, s.r.o. &#8211; Dubnica nad V\u00e1hom<\/strong><br \/>\nService of machines WHN 13 CNC<br \/>\ndisassembly and assembly of the machine<\/p>\n<p><strong>GOMS spol. s r.o. &#8211; P\u00fachov<\/strong><br \/>\nGO &#8211; WHN 13 CNC<\/p>\n<p><strong>Aktiebolaget GUAX &#8211; Malm\u00f6 &#8211; Sweden<\/strong><br \/>\nmachine overhaul WHN 13 CNC<br \/>\ndisassembly and assembly of a machine<\/p>\n<p><strong>MOVAX Oy Ltd &#8211; H\u00e4meenlinna &#8211; Finland<\/strong><br \/>\nmachine overhaul WHQ 13, WHQ 105<\/p>\n<p><strong>LJUNGBY MASKIN AB &#8211; Ljungby &#8211; Sweden<\/strong><br \/>\nmachine overhaul WHN 13 CNC<br \/>\ndisassembly and assembly of a machine<\/p>\n<p><strong>DMW Ltd. \u2013 Calgary &#8211; Canada<\/strong><br \/>\nGO \u2013 W 100 A (2x)<\/p>\n<p><strong>HYDRO Scotford Inc. &#8211; Alberta &#8211; Canada<\/strong><br \/>\nGO \u2013 W 100 A<\/p>\n<p><strong>MELO MACHINERY \u2013 Montreal &#8211; Canada<\/strong><br \/>\nGO \u2013 WHN 13 CNC, W 100 A<\/p>\n<p><strong>Pola Millwright &#8211; service &#8211; Edmonton, Canada<\/strong><br \/>\nmachine overhaul W 100 A<\/p>\n<p><strong>SPAWSYSTEM Gniewczyna &#8211; Poland<\/strong><br \/>\nmachine overhaul WH 105 CNC<br \/>\ndisassembly and assembly of a machine WHN 13<\/p>\n<\/div><div class=\"fusion-clearfix\"><\/div><\/div><\/div><\/div><\/div><\/p>\n","protected":false},"excerpt":{"rendered":"","protected":false},"author":1,"featured_media":0,"parent":0,"menu_order":0,"comment_status":"closed","ping_status":"closed","template":"","meta":{"ngg_post_thumbnail":0,"footnotes":""},"class_list":["post-760","page","type-page","status-publish","hentry"],"aioseo_notices":[],"_links":{"self":[{"href":"https:\/\/www.rotosmachinery.cz\/en\/wp-json\/wp\/v2\/pages\/760"}],"collection":[{"href":"https:\/\/www.rotosmachinery.cz\/en\/wp-json\/wp\/v2\/pages"}],"about":[{"href":"https:\/\/www.rotosmachinery.cz\/en\/wp-json\/wp\/v2\/types\/page"}],"author":[{"embeddable":true,"href":"https:\/\/www.rotosmachinery.cz\/en\/wp-json\/wp\/v2\/users\/1"}],"replies":[{"embeddable":true,"href":"https:\/\/www.rotosmachinery.cz\/en\/wp-json\/wp\/v2\/comments?post=760"}],"version-history":[{"count":4,"href":"https:\/\/www.rotosmachinery.cz\/en\/wp-json\/wp\/v2\/pages\/760\/revisions"}],"predecessor-version":[{"id":801,"href":"https:\/\/www.rotosmachinery.cz\/en\/wp-json\/wp\/v2\/pages\/760\/revisions\/801"}],"wp:attachment":[{"href":"https:\/\/www.rotosmachinery.cz\/en\/wp-json\/wp\/v2\/media?parent=760"}],"curies":[{"name":"wp","href":"https:\/\/api.w.org\/{rel}","templated":true}]}}